{"id":2100,"date":"2023-12-08T20:46:17","date_gmt":"2023-12-09T01:46:17","guid":{"rendered":"https:\/\/glmdigitech.com\/?page_id=2100"},"modified":"2024-01-19T15:44:33","modified_gmt":"2024-01-19T20:44:33","slug":"web-services","status":"publish","type":"page","link":"https:\/\/glmdigitech.com\/fr\/nos-services-web\/","title":{"rendered":"Nos services web"},"content":{"rendered":"<p><div class=\"fusion-fullwidth fullwidth-box fusion-builder-row-1 fusion-flex-container nonhundred-percent-fullwidth non-hundred-percent-height-scrolling\" style=\"--awb-border-sizes-top:0px;--awb-border-sizes-bottom:0px;--awb-border-sizes-left:0px;--awb-border-sizes-right:0px;--awb-border-radius-top-left:0px;--awb-border-radius-top-right:0px;--awb-border-radius-bottom-right:0px;--awb-border-radius-bottom-left:0px;--awb-padding-top:100px;--awb-padding-right:30px;--awb-padding-bottom:90px;--awb-padding-left:30px;--awb-padding-top-medium:36px;--awb-padding-bottom-medium:20px;--awb-padding-right-small:60px;--awb-padding-left-small:60px;--awb-margin-top:0px;--awb-margin-bottom:0px;--awb-background-color:#ffffff;--awb-flex-wrap:wrap;\" ><div class=\"fusion-builder-row fusion-row fusion-flex-align-items-flex-start fusion-flex-justify-content-center fusion-flex-content-wrap\" style=\"max-width:1310.4px;margin-left: calc(-4% \/ 2 );margin-right: calc(-4% \/ 2 );\"><div class=\"fusion-layout-column fusion_builder_column fusion-builder-column-0 fusion_builder_column_3_5 3_5 fusion-flex-column fusion-animated\" style=\"--awb-bg-size:cover;--awb-width-large:60%;--awb-margin-top-large:0px;--awb-spacing-right-large:3.2%;--awb-margin-bottom-large:0px;--awb-spacing-left-large:3.2%;--awb-width-medium:80%;--awb-spacing-right-medium:2.4%;--awb-spacing-left-medium:2.4%;--awb-width-small:100%;--awb-spacing-right-small:1.92%;--awb-margin-bottom-small:32px;--awb-spacing-left-small:1.92%;\" data-animationtype=\"fadeInDown\" data-animationduration=\"1.6\" data-animationoffset=\"top-into-view\"><div class=\"fusion-column-wrapper fusion-column-has-shadow fusion-flex-justify-content-flex-start fusion-content-layout-column\"><div class=\"fusion-title title fusion-title-1 fusion-sep-none fusion-title-center fusion-title-text fusion-title-size-one\" style=\"--awb-text-color:#051529;--awb-margin-top:0px;--awb-margin-bottom:20px;--awb-font-size:60px;\"><h1 class=\"fusion-title-heading title-heading-center fusion-responsive-typography-calculated\" style=\"font-family:&quot;Merriweather&quot;;font-style:normal;font-weight:400;margin:0;font-size:1em;text-transform:var(--awb-typography1-text-transform);--fontSize:60;line-height:1.3;\">Our Web Services and digital experience<\/h1><\/div><div class=\"fusion-text fusion-text-1 fusion-text-no-margin\" style=\"--awb-content-alignment:center;--awb-font-size:20px;--awb-line-height:1.7;--awb-letter-spacing:0px;--awb-text-transform:var(--awb-typography4-text-transform);--awb-text-color:rgba(5,21,41,0.8);--awb-margin-bottom:40px;--awb-text-font-family:&quot;DM Sans&quot;;--awb-text-font-style:normal;--awb-text-font-weight:400;\"><p>Nous concevons des exp\u00e9riences num\u00e9riques qui non seulement ont un aspect impressionnant, mais qui fonctionnent \u00e9galement de mani\u00e8re impeccable<\/p>\n<\/div><div style=\"text-align:center;\"><a class=\"fusion-button button-flat fusion-button-default-size button-custom fusion-button-default button-1 fusion-button-default-span\" style=\"--button_accent_color:#ffffff;--button_border_color:#ffffff;--button_accent_hover_color:#ffffff;--button_border_hover_color:#ffffff;--button_border_width-top:0px;--button_border_width-right:0px;--button_border_width-bottom:0px;--button_border_width-left:0px;--button-border-radius-top-left:10px;--button-border-radius-top-right:10px;--button-border-radius-bottom-right:10px;--button-border-radius-bottom-left:10px;--button_gradient_top_color:rgba(255,98,66,1);--button_gradient_bottom_color:rgba(255,98,66,1);--button_gradient_top_color_hover:#1a7ced;--button_gradient_bottom_color_hover:#1a7ced;--button_text_transform:var(--awb-typography3-text-transform);--button_font_size:18px;--button_line_height:1.7;--button_padding-top:16px;--button_padding-right:40px;--button_padding-bottom:16px;--button_padding-left:40px;--button_typography-letter-spacing:0px;--button_typography-font-family:&quot;DM Sans&quot;;--button_typography-font-style:normal;--button_typography-font-weight:500;\" target=\"_self\" href=\"https:\/\/glmdigitech.com\/fr\/nous-joindre\/\"><span class=\"fusion-button-text\">R\u00e9servez une consultation<\/span><\/a><\/div><\/div><\/div><div class=\"fusion-layout-column fusion_builder_column fusion-builder-column-1 fusion_builder_column_3_5 3_5 fusion-flex-column fusion-animated\" style=\"--awb-bg-size:cover;--awb-width-large:60%;--awb-margin-top-large:53px;--awb-spacing-right-large:3.2%;--awb-margin-bottom-large:0px;--awb-spacing-left-large:3.2%;--awb-width-medium:80%;--awb-spacing-right-medium:2.4%;--awb-spacing-left-medium:2.4%;--awb-width-small:100%;--awb-spacing-right-small:1.92%;--awb-margin-bottom-small:32px;--awb-spacing-left-small:1.92%;\" data-animationtype=\"fadeInDown\" data-animationduration=\"1.6\" data-animationoffset=\"top-into-view\"><div class=\"fusion-column-wrapper fusion-column-has-shadow fusion-flex-justify-content-flex-start fusion-content-layout-column\"><div class=\"fusion-title title fusion-title-2 fusion-sep-none fusion-title-center fusion-title-text fusion-title-size-two\" style=\"--awb-text-color:#051529;--awb-margin-top:0px;--awb-margin-bottom:20px;--awb-font-size:42px;\"><h2 class=\"fusion-title-heading title-heading-center fusion-responsive-typography-calculated\" style=\"font-family:&quot;Merriweather&quot;;font-style:normal;font-weight:400;margin:0;font-size:1em;text-transform:var(--awb-typography1-text-transform);--fontSize:42;line-height:1.3;\">Qu'est-ce qu'une exp\u00e9rience digitale<\/h2><\/div><div class=\"fusion-text fusion-text-2 fusion-text-no-margin\" style=\"--awb-content-alignment:center;--awb-font-size:20px;--awb-line-height:1.7;--awb-letter-spacing:0px;--awb-text-transform:var(--awb-typography4-text-transform);--awb-text-color:rgba(5,21,41,0.8);--awb-margin-bottom:40px;--awb-text-font-family:&quot;DM Sans&quot;;--awb-text-font-style:normal;--awb-text-font-weight:400;\"><p>Explorez l'essence de l'exp\u00e9rience digitale - une fusion harmonieuse de la technologie et de l'engagement utilisateur, offrant des parcours personnalis\u00e9s et immersifs. Une exp\u00e9rience digitale est la rencontre sans couture des utilisateurs avec votre marque en ligne. Bienvenue dans le futur d'une interaction digitale impactante !<\/p>\n<\/div><\/div><\/div><\/div><\/div><div class=\"fusion-fullwidth fullwidth-box fusion-builder-row-2 fusion-flex-container has-pattern-background has-mask-background nonhundred-percent-fullwidth non-hundred-percent-height-scrolling\" style=\"--awb-border-radius-top-left:0px;--awb-border-radius-top-right:0px;--awb-border-radius-bottom-right:0px;--awb-border-radius-bottom-left:0px;--awb-flex-wrap:wrap;\" ><div class=\"fusion-builder-row fusion-row fusion-flex-align-items-flex-start fusion-flex-content-wrap\" style=\"max-width:1310.4px;margin-left: calc(-4% \/ 2 );margin-right: calc(-4% \/ 2 );\"><div class=\"fusion-layout-column fusion_builder_column fusion-builder-column-2 fusion_builder_column_1_1 1_1 fusion-flex-column\" style=\"--awb-bg-size:cover;--awb-width-large:100%;--awb-margin-top-large:0px;--awb-spacing-right-large:1.92%;--awb-margin-bottom-large:20px;--awb-spacing-left-large:1.92%;--awb-width-medium:100%;--awb-order-medium:0;--awb-spacing-right-medium:1.92%;--awb-spacing-left-medium:1.92%;--awb-width-small:100%;--awb-order-small:0;--awb-spacing-right-small:1.92%;--awb-spacing-left-small:1.92%;\"><div class=\"fusion-column-wrapper fusion-column-has-shadow fusion-flex-justify-content-flex-start fusion-content-layout-column\"><div class=\"fusion-content-boxes content-boxes columns row fusion-columns-3 fusion-columns-total-5 fusion-content-boxes-1 content-boxes-icon-on-top content-left has-flex-alignment fusion-delayed-animation\" style=\"--awb-backgroundcolor:#faf7ff;--awb-border-radius-top-left:6px;--awb-border-radius-top-right:6px;--awb-border-radius-bottom-right:6px;--awb-border-radius-bottom-left:6px;--awb-alignment:stretch;--awb-body-color:#593e84;--awb-title-color:#593e84;--awb-iconcolor:#593e84;--awb-hover-accent-color:rgba(42,29,62,1);--awb-circle-hover-accent-color:transparent;--awb-box-shadow:0px 0px 0px 0px #593e84;;\" data-animation-delay=\"300\" data-animationoffset=\"top-into-view\"><div style=\"--awb-backgroundcolor:#faf7ff;--awb-iconcolor:#593e84;\" class=\"fusion-column content-box-column content-box-column content-box-column-1 col-lg-4 col-md-4 col-sm-4 fusion-content-box-hover content-box-column-first-in-row\"><div class=\"col content-box-wrapper content-wrapper-background link-area-link-icon link-type-text content-icon-wrapper-yes icon-hover-animation-fade\" data-animationoffset=\"top-into-view\"><div class=\"heading heading-with-icon icon-left\"><a class=\"heading-link\" href=\"https:\/\/glmdigitech.com\/fr\/nos-services-web\/conception-refonte-web\/\" target=\"_self\"><div aria-hidden=\"true\" class=\"image\"><img decoding=\"async\" class=\"lazyload\" src=\"data:image\/svg+xml,%3Csvg%20xmlns%3D%27http%3A%2F%2Fwww.w3.org%2F2000%2Fsvg%27%20width%3D%27512%27%20height%3D%27512%27%20viewBox%3D%270%200%20512%20512%27%3E%3Crect%20width%3D%27512%27%20height%3D%27512%27%20fill-opacity%3D%220%22%2F%3E%3C%2Fsvg%3E\" data-orig-src=\"https:\/\/glmdigitech.com\/wp-content\/uploads\/2024\/01\/Web-Development.png\" width=\"512\" height=\"512\" alt=\"Conception et Refonte Web\" \/><\/div><h2 class=\"content-box-heading\" style=\"--h2_typography-font-size:24px;line-height:29px;\">Conception et Refonte Web<\/h2><\/a><\/div><div class=\"fusion-clearfix\"><\/div><div class=\"content-container\">\n<\/div><\/div><\/div><div style=\"--awb-backgroundcolor:#faf7ff;--awb-iconcolor:#593e84;\" class=\"fusion-column content-box-column content-box-column content-box-column-2 col-lg-4 col-md-4 col-sm-4 fusion-content-box-hover\"><div class=\"col content-box-wrapper content-wrapper-background link-area-link-icon link-type-text content-icon-wrapper-yes icon-hover-animation-fade\" data-animationoffset=\"top-into-view\"><div class=\"heading heading-with-icon icon-left\"><a class=\"heading-link\" href=\"https:\/\/glmdigitech.com\/fr\/nos-services-web\/commerce-electronique\/\" target=\"_self\"><div aria-hidden=\"true\" class=\"image\"><img decoding=\"async\" class=\"lazyload\" src=\"data:image\/svg+xml,%3Csvg%20xmlns%3D%27http%3A%2F%2Fwww.w3.org%2F2000%2Fsvg%27%20width%3D%27512%27%20height%3D%27512%27%20viewBox%3D%270%200%20512%20512%27%3E%3Crect%20width%3D%27512%27%20height%3D%27512%27%20fill-opacity%3D%220%22%2F%3E%3C%2Fsvg%3E\" data-orig-src=\"https:\/\/glmdigitech.com\/wp-content\/uploads\/2024\/01\/eCommerce.png\" width=\"512\" height=\"512\" alt=\"Commerce \u00e9lectronique\" \/><\/div><h2 class=\"content-box-heading\" style=\"--h2_typography-font-size:24px;line-height:29px;\">Commerce \u00e9lectronique<\/h2><\/a><\/div><div class=\"fusion-clearfix\"><\/div><div class=\"content-container\">\n<\/div><\/div><\/div><div style=\"--awb-backgroundcolor:#faf7ff;--awb-iconcolor:#593e84;\" class=\"fusion-column content-box-column content-box-column content-box-column-3 col-lg-4 col-md-4 col-sm-4 fusion-content-box-hover content-box-column-last-in-row\"><div class=\"col content-box-wrapper content-wrapper-background link-area-link-icon link-type-text content-icon-wrapper-yes icon-hover-animation-fade\" data-animationoffset=\"top-into-view\"><div class=\"heading heading-with-icon icon-left\"><a class=\"heading-link\" href=\"https:\/\/glmdigitech.com\/fr\/nos-services-web\/services-marketing\/\" target=\"_self\"><div aria-hidden=\"true\" class=\"image\"><img decoding=\"async\" class=\"lazyload\" src=\"data:image\/svg+xml,%3Csvg%20xmlns%3D%27http%3A%2F%2Fwww.w3.org%2F2000%2Fsvg%27%20width%3D%27512%27%20height%3D%27512%27%20viewBox%3D%270%200%20512%20512%27%3E%3Crect%20width%3D%27512%27%20height%3D%27512%27%20fill-opacity%3D%220%22%2F%3E%3C%2Fsvg%3E\" data-orig-src=\"https:\/\/glmdigitech.com\/wp-content\/uploads\/2024\/01\/marketing.png\" width=\"512\" height=\"512\" alt=\"digital experience &amp; marketing\" \/><\/div><h2 class=\"content-box-heading\" style=\"--h2_typography-font-size:24px;line-height:29px;\">Marketing<\/h2><\/a><\/div><div class=\"fusion-clearfix\"><\/div><div class=\"content-container\">\n<\/div><\/div><\/div><div style=\"--awb-backgroundcolor:#faf7ff;--awb-iconcolor:#593e84;\" class=\"fusion-column content-box-column content-box-column content-box-column-4 col-lg-4 col-md-4 col-sm-4 fusion-content-box-hover content-box-column-first-in-row\"><div class=\"col content-box-wrapper content-wrapper-background link-area-link-icon link-type-text content-icon-wrapper-yes icon-hover-animation-fade\" data-animationoffset=\"top-into-view\"><div class=\"heading heading-with-icon icon-left\"><a class=\"heading-link\" href=\"https:\/\/glmdigitech.com\/fr\/nos-services-web\/hebergement-web\/\" target=\"_self\"><div aria-hidden=\"true\" class=\"image\"><img decoding=\"async\" class=\"lazyload\" src=\"data:image\/svg+xml,%3Csvg%20xmlns%3D%27http%3A%2F%2Fwww.w3.org%2F2000%2Fsvg%27%20width%3D%27512%27%20height%3D%27512%27%20viewBox%3D%270%200%20512%20512%27%3E%3Crect%20width%3D%27512%27%20height%3D%27512%27%20fill-opacity%3D%220%22%2F%3E%3C%2Fsvg%3E\" data-orig-src=\"https:\/\/glmdigitech.com\/wp-content\/uploads\/2024\/01\/hosting.png\" width=\"512\" height=\"512\" alt=\"hosting\" \/><\/div><h2 class=\"content-box-heading\" style=\"--h2_typography-font-size:24px;line-height:29px;\">H\u00e9bergement Web<\/h2><\/a><\/div><div class=\"fusion-clearfix\"><\/div><div class=\"content-container\">\n<\/div><\/div><\/div><div style=\"--awb-backgroundcolor:#faf7ff;--awb-iconcolor:#593e84;\" class=\"fusion-column content-box-column content-box-column content-box-column-5 col-lg-4 col-md-4 col-sm-4 fusion-content-box-hover content-box-column-last\"><div class=\"col content-box-wrapper content-wrapper-background link-area-link-icon content-icon-wrapper-yes icon-hover-animation-fade\" data-animationoffset=\"top-into-view\"><div class=\"heading heading-with-icon icon-left\"><div aria-hidden=\"true\" class=\"image\"><img decoding=\"async\" class=\"lazyload\" src=\"data:image\/svg+xml,%3Csvg%20xmlns%3D%27http%3A%2F%2Fwww.w3.org%2F2000%2Fsvg%27%20width%3D%27512%27%20height%3D%27512%27%20viewBox%3D%270%200%20512%20512%27%3E%3Crect%20width%3D%27512%27%20height%3D%27512%27%20fill-opacity%3D%220%22%2F%3E%3C%2Fsvg%3E\" data-orig-src=\"https:\/\/glmdigitech.com\/wp-content\/uploads\/2024\/01\/seo.png\" width=\"512\" height=\"512\" alt=\"digital experience &amp; seo\" \/><\/div><h2 class=\"content-box-heading\" style=\"--h2_typography-font-size:24px;line-height:29px;\">SEO<\/h2><\/div><div class=\"fusion-clearfix\"><\/div><div class=\"content-container\">\n<\/div><\/div><\/div><div class=\"fusion-clearfix\"><\/div><\/div><\/div><\/div><\/div><\/div><\/p>","protected":false},"excerpt":{"rendered":"","protected":false},"author":1,"featured_media":0,"parent":0,"menu_order":0,"comment_status":"closed","ping_status":"closed","template":"","meta":{"footnotes":""},"class_list":["post-2100","page","type-page","status-publish","hentry"],"yoast_head":"<!-- This site is optimized with the Yoast SEO Premium plugin v24.9 (Yoast SEO v24.9) - https:\/\/yoast.com\/wordpress\/plugins\/seo\/ -->\n<title>Digital Experience and Web Design<\/title>\n<meta name=\"description\" content=\"We craft such a digital experience that not only look stunning but also function flawlessly. Ranging from website making to marketing campaign\" \/>\n<meta name=\"robots\" content=\"index, follow, max-snippet:-1, max-image-preview:large, max-video-preview:-1\" \/>\n<link rel=\"canonical\" href=\"https:\/\/glmdigitech.com\/fr\/nos-services-web\/\" \/>\n<meta property=\"og:locale\" content=\"fr_CA\" \/>\n<meta property=\"og:type\" content=\"article\" \/>\n<meta property=\"og:title\" content=\"Web Services\" \/>\n<meta property=\"og:description\" content=\"We craft such a digital experience that not only look stunning but also function flawlessly. Ranging from website making to marketing campaign\" \/>\n<meta property=\"og:url\" content=\"https:\/\/glmdigitech.com\/fr\/nos-services-web\/\" \/>\n<meta property=\"og:site_name\" content=\"GLM Digitech\" \/>\n<meta property=\"article:publisher\" content=\"https:\/\/www.facebook.com\/glmdigitech\" \/>\n<meta property=\"article:modified_time\" content=\"2024-01-19T20:44:33+00:00\" \/>\n<meta property=\"og:image\" content=\"https:\/\/glmdigitech.com\/wp-content\/uploads\/2023\/12\/Logo-GLM-e1701905962224.png\" \/>\n\t<meta property=\"og:image:width\" content=\"272\" \/>\n\t<meta property=\"og:image:height\" content=\"126\" \/>\n\t<meta property=\"og:image:type\" content=\"image\/png\" \/>\n<meta name=\"twitter:card\" content=\"summary_large_image\" \/>\n<meta name=\"twitter:site\" content=\"@glmdigitech\" \/>\n<meta name=\"twitter:label1\" content=\"Estimation du temps de lecture\" \/>\n\t<meta name=\"twitter:data1\" content=\"2 minutes\" \/>\n<script type=\"application\/ld+json\" class=\"yoast-schema-graph\">{\"@context\":\"https:\/\/schema.org\",\"@graph\":[{\"@type\":\"WebPage\",\"@id\":\"https:\/\/glmdigitech.com\/web-services\/\",\"url\":\"https:\/\/glmdigitech.com\/web-services\/\",\"name\":\"Digital Experience and Web Design\",\"isPartOf\":{\"@id\":\"https:\/\/glmdigitech.com\/#website\"},\"datePublished\":\"2023-12-09T01:46:17+00:00\",\"dateModified\":\"2024-01-19T20:44:33+00:00\",\"description\":\"We craft such a digital experience that not only look stunning but also function flawlessly. Ranging from website making to marketing campaign\",\"breadcrumb\":{\"@id\":\"https:\/\/glmdigitech.com\/web-services\/#breadcrumb\"},\"inLanguage\":\"fr-CA\",\"potentialAction\":[{\"@type\":\"ReadAction\",\"target\":[\"https:\/\/glmdigitech.com\/web-services\/\"]}]},{\"@type\":\"BreadcrumbList\",\"@id\":\"https:\/\/glmdigitech.com\/web-services\/#breadcrumb\",\"itemListElement\":[{\"@type\":\"ListItem\",\"position\":1,\"name\":\"Home\",\"item\":\"https:\/\/glmdigitech.com\/\"},{\"@type\":\"ListItem\",\"position\":2,\"name\":\"Web Services\"}]},{\"@type\":\"WebSite\",\"@id\":\"https:\/\/glmdigitech.com\/#website\",\"url\":\"https:\/\/glmdigitech.com\/\",\"name\":\"GLM DigiTech \u2013 Montreal Leading Web Design and ERP Solutions Provider\",\"description\":\"Montreal Leading Web Design and ERP Solutions Provider\",\"publisher\":{\"@id\":\"https:\/\/glmdigitech.com\/#organization\"},\"potentialAction\":[{\"@type\":\"SearchAction\",\"target\":{\"@type\":\"EntryPoint\",\"urlTemplate\":\"https:\/\/glmdigitech.com\/?s={search_term_string}\"},\"query-input\":{\"@type\":\"PropertyValueSpecification\",\"valueRequired\":true,\"valueName\":\"search_term_string\"}}],\"inLanguage\":\"fr-CA\"},{\"@type\":\"Organization\",\"@id\":\"https:\/\/glmdigitech.com\/#organization\",\"name\":\"GLM Digitech Inc.\",\"url\":\"https:\/\/glmdigitech.com\/\",\"logo\":{\"@type\":\"ImageObject\",\"inLanguage\":\"fr-CA\",\"@id\":\"https:\/\/glmdigitech.com\/#\/schema\/logo\/image\/\",\"url\":\"https:\/\/glmdigitech.com\/wp-content\/uploads\/2023\/12\/Logo-GLM-e1701905962224.png\",\"contentUrl\":\"https:\/\/glmdigitech.com\/wp-content\/uploads\/2023\/12\/Logo-GLM-e1701905962224.png\",\"width\":272,\"height\":126,\"caption\":\"GLM Digitech Inc.\"},\"image\":{\"@id\":\"https:\/\/glmdigitech.com\/#\/schema\/logo\/image\/\"},\"sameAs\":[\"https:\/\/www.facebook.com\/glmdigitech\",\"https:\/\/x.com\/glmdigitech\",\"https:\/\/www.youtube.com\/@GLMDigiTech\",\"https:\/\/www.instagram.com\/glmdigitech\/\"]}]}<\/script>\n<!-- \/ Yoast SEO Premium plugin. -->","yoast_head_json":{"title":"Digital Experience and Web Design","description":"We craft such a digital experience that not only look stunning but also function flawlessly. Ranging from website making to marketing campaign","robots":{"index":"index","follow":"follow","max-snippet":"max-snippet:-1","max-image-preview":"max-image-preview:large","max-video-preview":"max-video-preview:-1"},"canonical":"https:\/\/glmdigitech.com\/fr\/nos-services-web\/","og_locale":"fr_CA","og_type":"article","og_title":"Web Services","og_description":"We craft such a digital experience that not only look stunning but also function flawlessly. Ranging from website making to marketing campaign","og_url":"https:\/\/glmdigitech.com\/fr\/nos-services-web\/","og_site_name":"GLM Digitech","article_publisher":"https:\/\/www.facebook.com\/glmdigitech","article_modified_time":"2024-01-19T20:44:33+00:00","og_image":[{"width":272,"height":126,"url":"https:\/\/glmdigitech.com\/wp-content\/uploads\/2023\/12\/Logo-GLM-e1701905962224.png","type":"image\/png"}],"twitter_card":"summary_large_image","twitter_site":"@glmdigitech","twitter_misc":{"Estimation du temps de lecture":"2 minutes"},"schema":{"@context":"https:\/\/schema.org","@graph":[{"@type":"WebPage","@id":"https:\/\/glmdigitech.com\/web-services\/","url":"https:\/\/glmdigitech.com\/web-services\/","name":"Digital Experience and Web Design","isPartOf":{"@id":"https:\/\/glmdigitech.com\/#website"},"datePublished":"2023-12-09T01:46:17+00:00","dateModified":"2024-01-19T20:44:33+00:00","description":"We craft such a digital experience that not only look stunning but also function flawlessly. Ranging from website making to marketing campaign","breadcrumb":{"@id":"https:\/\/glmdigitech.com\/web-services\/#breadcrumb"},"inLanguage":"fr-CA","potentialAction":[{"@type":"ReadAction","target":["https:\/\/glmdigitech.com\/web-services\/"]}]},{"@type":"BreadcrumbList","@id":"https:\/\/glmdigitech.com\/web-services\/#breadcrumb","itemListElement":[{"@type":"ListItem","position":1,"name":"Home","item":"https:\/\/glmdigitech.com\/"},{"@type":"ListItem","position":2,"name":"Web Services"}]},{"@type":"WebSite","@id":"https:\/\/glmdigitech.com\/#website","url":"https:\/\/glmdigitech.com\/","name":"GLM DigiTech \u2013 Montreal Leading Web Design and ERP Solutions Provider","description":"Montreal Leading Web Design and ERP Solutions Provider","publisher":{"@id":"https:\/\/glmdigitech.com\/#organization"},"potentialAction":[{"@type":"SearchAction","target":{"@type":"EntryPoint","urlTemplate":"https:\/\/glmdigitech.com\/?s={search_term_string}"},"query-input":{"@type":"PropertyValueSpecification","valueRequired":true,"valueName":"search_term_string"}}],"inLanguage":"fr-CA"},{"@type":"Organization","@id":"https:\/\/glmdigitech.com\/#organization","name":"GLM Digitech Inc.","url":"https:\/\/glmdigitech.com\/","logo":{"@type":"ImageObject","inLanguage":"fr-CA","@id":"https:\/\/glmdigitech.com\/#\/schema\/logo\/image\/","url":"https:\/\/glmdigitech.com\/wp-content\/uploads\/2023\/12\/Logo-GLM-e1701905962224.png","contentUrl":"https:\/\/glmdigitech.com\/wp-content\/uploads\/2023\/12\/Logo-GLM-e1701905962224.png","width":272,"height":126,"caption":"GLM Digitech Inc."},"image":{"@id":"https:\/\/glmdigitech.com\/#\/schema\/logo\/image\/"},"sameAs":["https:\/\/www.facebook.com\/glmdigitech","https:\/\/x.com\/glmdigitech","https:\/\/www.youtube.com\/@GLMDigiTech","https:\/\/www.instagram.com\/glmdigitech\/"]}]}},"_links":{"self":[{"href":"https:\/\/glmdigitech.com\/fr\/wp-json\/wp\/v2\/pages\/2100","targetHints":{"allow":["GET"]}}],"collection":[{"href":"https:\/\/glmdigitech.com\/fr\/wp-json\/wp\/v2\/pages"}],"about":[{"href":"https:\/\/glmdigitech.com\/fr\/wp-json\/wp\/v2\/types\/page"}],"author":[{"embeddable":true,"href":"https:\/\/glmdigitech.com\/fr\/wp-json\/wp\/v2\/users\/1"}],"replies":[{"embeddable":true,"href":"https:\/\/glmdigitech.com\/fr\/wp-json\/wp\/v2\/comments?post=2100"}],"version-history":[{"count":0,"href":"https:\/\/glmdigitech.com\/fr\/wp-json\/wp\/v2\/pages\/2100\/revisions"}],"wp:attachment":[{"href":"https:\/\/glmdigitech.com\/fr\/wp-json\/wp\/v2\/media?parent=2100"}],"curies":[{"name":"wp","href":"https:\/\/api.w.org\/{rel}","templated":true}]}}