{"id":2112,"date":"2023-12-08T20:51:01","date_gmt":"2023-12-09T01:51:01","guid":{"rendered":"https:\/\/glmdigitech.com\/?page_id=2112"},"modified":"2024-01-19T14:36:35","modified_gmt":"2024-01-19T19:36:35","slug":"erp-services","status":"publish","type":"page","link":"https:\/\/glmdigitech.com\/fr\/services-erp\/","title":{"rendered":"Services ERP"},"content":{"rendered":"<p><div class=\"fusion-fullwidth fullwidth-box fusion-builder-row-1 fusion-flex-container nonhundred-percent-fullwidth non-hundred-percent-height-scrolling\" style=\"--awb-background-blend-mode:multiply;--awb-border-sizes-top:0px;--awb-border-sizes-bottom:0px;--awb-border-sizes-left:0px;--awb-border-sizes-right:0px;--awb-border-radius-top-left:0px;--awb-border-radius-top-right:0px;--awb-border-radius-bottom-right:0px;--awb-border-radius-bottom-left:0px;--awb-padding-top:100px;--awb-padding-right:30px;--awb-padding-bottom:90px;--awb-padding-left:30px;--awb-padding-top-medium:36px;--awb-padding-bottom-medium:20px;--awb-padding-right-small:60px;--awb-padding-left-small:60px;--awb-margin-top:0px;--awb-margin-bottom:0px;--awb-flex-wrap:wrap;\" ><div class=\"fusion-builder-row fusion-row fusion-flex-align-items-flex-start fusion-flex-justify-content-center fusion-flex-content-wrap\" style=\"max-width:1310.4px;margin-left: calc(-4% \/ 2 );margin-right: calc(-4% \/ 2 );\"><div class=\"fusion-layout-column fusion_builder_column fusion-builder-column-0 fusion_builder_column_3_5 3_5 fusion-flex-column fusion-animated\" style=\"--awb-bg-size:cover;--awb-width-large:60%;--awb-margin-top-large:0px;--awb-spacing-right-large:3.2%;--awb-margin-bottom-large:0px;--awb-spacing-left-large:3.2%;--awb-width-medium:80%;--awb-spacing-right-medium:2.4%;--awb-spacing-left-medium:2.4%;--awb-width-small:100%;--awb-spacing-right-small:1.92%;--awb-margin-bottom-small:32px;--awb-spacing-left-small:1.92%;\" data-animationtype=\"fadeInDown\" data-animationduration=\"1.6\" data-animationoffset=\"top-into-view\"><div class=\"fusion-column-wrapper fusion-column-has-shadow fusion-flex-justify-content-flex-start fusion-content-layout-column\"><div class=\"fusion-title title fusion-title-1 fusion-sep-none fusion-title-center fusion-title-text fusion-title-size-one\" style=\"--awb-text-color:#051529;--awb-margin-top:0px;--awb-margin-bottom:20px;--awb-font-size:60px;\"><h1 class=\"fusion-title-heading title-heading-center\" style=\"font-family:&quot;Merriweather&quot;;font-style:normal;font-weight:400;margin:0;font-size:1em;text-transform:var(--awb-typography1-text-transform);line-height:1.3;\">Nos services ERP (PGI)<\/h1><\/div><div class=\"fusion-text fusion-text-1 fusion-text-no-margin\" style=\"--awb-content-alignment:center;--awb-font-size:20px;--awb-line-height:1.7;--awb-letter-spacing:0px;--awb-text-transform:var(--awb-typography4-text-transform);--awb-text-color:rgba(5,21,41,0.8);--awb-margin-bottom:40px;--awb-text-font-family:&quot;DM Sans&quot;;--awb-text-font-style:normal;--awb-text-font-weight:400;\"><p>Notre \u00e9quipe d\u2019experts chez GLMDigiTech est sp\u00e9cialis\u00e9e dans les services de mise en \u0153uvre et de personnalisation des ERP.<\/p>\n<\/div><div style=\"text-align:center;\"><a class=\"fusion-button button-flat fusion-button-default-size button-custom fusion-button-default button-1 fusion-button-default-span\" style=\"--button_accent_color:#ffffff;--button_border_color:#ffffff;--button_accent_hover_color:#ffffff;--button_border_hover_color:#ffffff;--button_border_width-top:0px;--button_border_width-right:0px;--button_border_width-bottom:0px;--button_border_width-left:0px;--button-border-radius-top-left:10px;--button-border-radius-top-right:10px;--button-border-radius-bottom-right:10px;--button-border-radius-bottom-left:10px;--button_gradient_top_color:rgba(255,98,66,1);--button_gradient_bottom_color:rgba(255,98,66,1);--button_gradient_top_color_hover:#1a7ced;--button_gradient_bottom_color_hover:#1a7ced;--button_text_transform:var(--awb-typography3-text-transform);--button_font_size:18px;--button_line_height:1.7;--button_padding-top:16px;--button_padding-right:40px;--button_padding-bottom:16px;--button_padding-left:40px;--button_typography-letter-spacing:0px;--button_typography-font-family:&quot;DM Sans&quot;;--button_typography-font-style:normal;--button_typography-font-weight:500;\" target=\"_self\" href=\"https:\/\/glmdigitech.com\/fr\/nous-joindre\/\"><span class=\"fusion-button-text\">R\u00e9servez une consultation<\/span><\/a><\/div><\/div><\/div><\/div><\/div><div class=\"fusion-fullwidth fullwidth-box fusion-builder-row-2 fusion-flex-container has-pattern-background has-mask-background nonhundred-percent-fullwidth non-hundred-percent-height-scrolling\" style=\"--awb-border-radius-top-left:0px;--awb-border-radius-top-right:0px;--awb-border-radius-bottom-right:0px;--awb-border-radius-bottom-left:0px;--awb-padding-bottom:0px;--awb-margin-top:0px;--awb-margin-bottom:0px;--awb-flex-wrap:wrap;\" ><div class=\"fusion-builder-row fusion-row fusion-flex-align-items-flex-start fusion-flex-content-wrap\" style=\"max-width:1310.4px;margin-left: calc(-4% \/ 2 );margin-right: calc(-4% \/ 2 );\"><div class=\"fusion-layout-column fusion_builder_column fusion-builder-column-1 fusion_builder_column_1_1 1_1 fusion-flex-column\" style=\"--awb-bg-size:cover;--awb-width-large:100%;--awb-margin-top-large:0px;--awb-spacing-right-large:1.92%;--awb-margin-bottom-large:20px;--awb-spacing-left-large:1.92%;--awb-width-medium:100%;--awb-order-medium:0;--awb-spacing-right-medium:1.92%;--awb-spacing-left-medium:1.92%;--awb-width-small:100%;--awb-order-small:0;--awb-spacing-right-small:1.92%;--awb-spacing-left-small:1.92%;\"><div class=\"fusion-column-wrapper fusion-column-has-shadow fusion-flex-justify-content-flex-start fusion-content-layout-column\"><div class=\"fusion-image-element\" style=\"--awb-caption-title-font-family:var(--h2_typography-font-family);--awb-caption-title-font-weight:var(--h2_typography-font-weight);--awb-caption-title-font-style:var(--h2_typography-font-style);--awb-caption-title-size:var(--h2_typography-font-size);--awb-caption-title-transform:var(--h2_typography-text-transform);--awb-caption-title-line-height:var(--h2_typography-line-height);--awb-caption-title-letter-spacing:var(--h2_typography-letter-spacing);\"><span class=\"fusion-imageframe imageframe-none imageframe-1 hover-type-none\"><img decoding=\"async\" width=\"1280\" height=\"720\" alt=\"erp solutions\" title=\"erp solutions\" src=\"https:\/\/glmdigitech.com\/wp-content\/uploads\/2024\/01\/erp.jpg\" data-orig-src=\"https:\/\/glmdigitech.com\/wp-content\/uploads\/2024\/01\/erp.jpg\" class=\"lazyload img-responsive wp-image-2872\" srcset=\"data:image\/svg+xml,%3Csvg%20xmlns%3D%27http%3A%2F%2Fwww.w3.org%2F2000%2Fsvg%27%20width%3D%271280%27%20height%3D%27720%27%20viewBox%3D%270%200%201280%20720%27%3E%3Crect%20width%3D%271280%27%20height%3D%27720%27%20fill-opacity%3D%220%22%2F%3E%3C%2Fsvg%3E\" data-srcset=\"https:\/\/glmdigitech.com\/wp-content\/uploads\/2024\/01\/erp-200x113.jpg 200w, https:\/\/glmdigitech.com\/wp-content\/uploads\/2024\/01\/erp-400x225.jpg 400w, https:\/\/glmdigitech.com\/wp-content\/uploads\/2024\/01\/erp-600x338.jpg 600w, https:\/\/glmdigitech.com\/wp-content\/uploads\/2024\/01\/erp-800x450.jpg 800w, https:\/\/glmdigitech.com\/wp-content\/uploads\/2024\/01\/erp-1200x675.jpg 1200w, https:\/\/glmdigitech.com\/wp-content\/uploads\/2024\/01\/erp.jpg 1280w\" data-sizes=\"auto\" data-orig-sizes=\"(max-width: 640px) 100vw, 1280px\" \/><\/span><\/div><\/div><\/div><\/div><\/div><div class=\"fusion-fullwidth fullwidth-box fusion-builder-row-3 fusion-flex-container has-pattern-background has-mask-background nonhundred-percent-fullwidth non-hundred-percent-height-scrolling\" style=\"--awb-border-radius-top-left:0px;--awb-border-radius-top-right:0px;--awb-border-radius-bottom-right:0px;--awb-border-radius-bottom-left:0px;--awb-margin-top:58px;--awb-flex-wrap:wrap;\" ><div class=\"fusion-builder-row fusion-row fusion-flex-align-items-flex-start fusion-flex-content-wrap\" style=\"max-width:1310.4px;margin-left: calc(-4% \/ 2 );margin-right: calc(-4% \/ 2 );\"><div class=\"fusion-layout-column fusion_builder_column fusion-builder-column-2 fusion_builder_column_1_1 1_1 fusion-flex-column\" style=\"--awb-bg-size:cover;--awb-width-large:100%;--awb-margin-top-large:0px;--awb-spacing-right-large:1.92%;--awb-margin-bottom-large:20px;--awb-spacing-left-large:1.92%;--awb-width-medium:100%;--awb-order-medium:0;--awb-spacing-right-medium:1.92%;--awb-spacing-left-medium:1.92%;--awb-width-small:100%;--awb-order-small:0;--awb-spacing-right-small:1.92%;--awb-spacing-left-small:1.92%;\"><div class=\"fusion-column-wrapper fusion-column-has-shadow fusion-flex-justify-content-flex-start fusion-content-layout-column\"><div class=\"fusion-content-boxes content-boxes columns row fusion-columns-3 fusion-columns-total-3 fusion-content-boxes-1 content-boxes-icon-on-top content-left has-flex-alignment fusion-delayed-animation\" style=\"--awb-backgroundcolor:#faf7ff;--awb-border-radius-top-left:12px;--awb-border-radius-top-right:12px;--awb-border-radius-bottom-right:12px;--awb-border-radius-bottom-left:12px;--awb-alignment:stretch;--awb-title-color:#4b2784;--awb-hover-accent-color:#2a1d3e;--awb-circle-hover-accent-color:transparent;\" data-animation-delay=\"800\" data-animationoffset=\"top-into-view\"><div style=\"--awb-backgroundcolor:#faf7ff;--awb-iconcolor:var(--awb-color4);\" class=\"fusion-column content-box-column content-box-column content-box-column-1 col-lg-4 col-md-4 col-sm-4 fusion-content-box-hover content-box-column-first-in-row\"><div class=\"col content-box-wrapper content-wrapper-background link-area-link-icon content-icon-wrapper-yes icon-hover-animation-fade fusion-animated\" data-animationtype=\"flipinx\" data-animationduration=\"0.9\" data-animationoffset=\"top-into-view\"><div class=\"heading heading-with-icon icon-left\"><div class=\"icon\" style=\"-webkit-animation-duration: 800ms;animation-duration: 800ms;\"><span ><i style=\"background-color:transparent;border-color:transparent;height:auto;width: 36px;line-height:normal;font-size:36px;\" aria-hidden=\"true\" class=\"fontawesome-icon icon-basic-security circle-no\"><\/i><\/span><\/div><h2 class=\"content-box-heading\" style=\"--h2_typography-font-size:24px;line-height:29px;\">Impl\u00e9mentation et personnalisation des ERP (PGI)<\/h2><\/div><div class=\"fusion-clearfix\"><\/div><div class=\"content-container\">R\u00e9volutionnez votre entreprise avec nos services experts d'impl\u00e9mentation et de personnalisation ERP chez GLM Digitech.<\/p>\n<p>Nous comprenons les besoins uniques de votre organisation et adaptons les solutions ERP en cons\u00e9quence.<\/p>\n<p>Notre \u00e9quipe exp\u00e9riment\u00e9e garantit un processus d'impl\u00e9mentation fluide, vous guidant de la planification \u00e0 l'int\u00e9gration. D\u00e9couvrez une efficacit\u00e9 am\u00e9lior\u00e9e, des flux de travail rationalis\u00e9s et des informations en temps r\u00e9el. Investissez dans le succ\u00e8s avec GLM Digitech, l\u00e0 o\u00f9 l'ERP rencontre l'excellence.<\/div><\/div><\/div><div style=\"--awb-backgroundcolor:#faf7ff;\" class=\"fusion-column content-box-column content-box-column content-box-column-2 col-lg-4 col-md-4 col-sm-4 fusion-content-box-hover\"><div class=\"col content-box-wrapper content-wrapper-background link-area-link-icon content-icon-wrapper-yes icon-hover-animation-fade fusion-animated\" data-animationtype=\"flipinx\" data-animationduration=\"0.9\" data-animationoffset=\"top-into-view\"><div class=\"heading heading-with-icon icon-left\"><div class=\"icon\" style=\"-webkit-animation-duration: 800ms;animation-duration: 800ms;\"><span ><i style=\"background-color:transparent;border-color:transparent;height:auto;width: 36px;line-height:normal;font-size:36px;\" aria-hidden=\"true\" class=\"fontawesome-icon icon-basic-security circle-no\"><\/i><\/span><\/div><h2 class=\"content-box-heading\" style=\"--h2_typography-font-size:24px;line-height:29px;\">Formation et support ERP<\/h2><\/div><div class=\"fusion-clearfix\"><\/div><div class=\"content-container\">Nos formateurs exp\u00e9riment\u00e9s proposent des sessions pratiques, garantissant que votre \u00e9quipe comprend non seulement les fonctionnalit\u00e9s, mais peut \u00e9galement les appliquer efficacement dans des sc\u00e9narios r\u00e9els. Au-del\u00e0 de la formation initiale, notre \u00e9quipe de support d\u00e9di\u00e9e est pr\u00eate \u00e0 vous aider chaque fois que vous avez besoin d'orientation, assurant une exp\u00e9rience ERP fluide et productive.<\/p>\n<p>Investir dans la Formation et le Support ERP avec GLM Digitech signifie investir dans l'am\u00e9lioration continue et l'efficacit\u00e9 de vos processus commerciaux. Laissez-nous \u00eatre votre partenaire dans la r\u00e9alisation de l'excellence op\u00e9rationnelle et la maximisation des avantages de votre investissement ERP. Rehaussez la comp\u00e9tence de votre \u00e9quipe et assurez un parcours ERP sans accroc avec GLM Digitech.<\/div><\/div><\/div><div style=\"--awb-backgroundcolor:#faf7ff;\" class=\"fusion-column content-box-column content-box-column content-box-column-3 col-lg-4 col-md-4 col-sm-4 fusion-content-box-hover content-box-column-last content-box-column-last-in-row\"><div class=\"col content-box-wrapper content-wrapper-background link-area-link-icon content-icon-wrapper-yes icon-hover-animation-fade fusion-animated\" data-animationtype=\"flipinx\" data-animationduration=\"0.9\" data-animationoffset=\"top-into-view\"><div class=\"heading heading-with-icon icon-left\"><div class=\"icon\" style=\"-webkit-animation-duration: 800ms;animation-duration: 800ms;\"><span ><i style=\"background-color:transparent;border-color:transparent;height:auto;width: 36px;line-height:normal;font-size:36px;\" aria-hidden=\"true\" class=\"fontawesome-icon icon-basic-security circle-no\"><\/i><\/span><\/div><h2 class=\"content-box-heading\" style=\"--h2_typography-font-size:24px;line-height:29px;\">Int\u00e9gration ERP et migration des donn\u00e9es<\/h2><\/div><div class=\"fusion-clearfix\"><\/div><div class=\"content-container\">\n<p>Propulsez votre entreprise vers l'avenir gr\u00e2ce \u00e0 nos services haut de gamme d'Int\u00e9gration ERP et de Migration des Donn\u00e9es chez GLM Digitech. Int\u00e9grez en toute fluidit\u00e9 des solutions ERP dans vos syst\u00e8mes existants, assurant une transition sans heurts des flux de travail. Notre processus m\u00e9ticuleux de migration des donn\u00e9es garantit le transfert s\u00e9curis\u00e9 d'informations pr\u00e9cieuses, offrant ainsi une base fiable pour la prise de d\u00e9cision. Investissez dans une entreprise efficace et optimis\u00e9e avec GLM Digitech, l\u00e0 o\u00f9 l'Int\u00e9gration ERP et la Migration des Donn\u00e9es rencontrent l'excellence.<\/p>\n<\/div><\/div><\/div><div class=\"fusion-clearfix\"><\/div><\/div><\/div><\/div><\/div><\/div><\/p>","protected":false},"excerpt":{"rendered":"","protected":false},"author":1,"featured_media":0,"parent":0,"menu_order":0,"comment_status":"closed","ping_status":"closed","template":"","meta":{"footnotes":""},"class_list":["post-2112","page","type-page","status-publish","hentry"],"yoast_head":"<!-- This site is optimized with the Yoast SEO Premium plugin v24.9 (Yoast SEO v24.9) - https:\/\/yoast.com\/wordpress\/plugins\/seo\/ -->\n<title>ERP - Montreal Leading Web Design and ERP Solutions Provider<\/title>\n<meta name=\"description\" content=\"ERP Implementation and Customization. Training and Support, Integration and Data Migration. We got it all, Give us a call.\" \/>\n<meta name=\"robots\" content=\"index, follow, max-snippet:-1, max-image-preview:large, max-video-preview:-1\" \/>\n<link rel=\"canonical\" href=\"https:\/\/glmdigitech.com\/fr\/services-erp\/\" \/>\n<meta property=\"og:locale\" content=\"fr_CA\" \/>\n<meta property=\"og:type\" content=\"article\" \/>\n<meta property=\"og:title\" content=\"ERP Services\" \/>\n<meta property=\"og:description\" content=\"ERP Implementation and Customization. Training and Support, Integration and Data Migration. We got it all, Give us a call.\" \/>\n<meta property=\"og:url\" content=\"https:\/\/glmdigitech.com\/fr\/services-erp\/\" \/>\n<meta property=\"og:site_name\" content=\"GLM Digitech\" \/>\n<meta property=\"article:publisher\" content=\"https:\/\/www.facebook.com\/glmdigitech\" \/>\n<meta property=\"article:modified_time\" content=\"2024-01-19T19:36:35+00:00\" \/>\n<meta property=\"og:image\" content=\"https:\/\/glmdigitech.com\/wp-content\/uploads\/2023\/12\/Logo-GLM-e1701905962224.png\" \/>\n\t<meta property=\"og:image:width\" content=\"272\" \/>\n\t<meta property=\"og:image:height\" content=\"126\" \/>\n\t<meta property=\"og:image:type\" content=\"image\/png\" \/>\n<meta name=\"twitter:card\" content=\"summary_large_image\" \/>\n<meta name=\"twitter:site\" content=\"@glmdigitech\" \/>\n<meta name=\"twitter:label1\" content=\"Estimation du temps de lecture\" \/>\n\t<meta name=\"twitter:data1\" content=\"2 minutes\" \/>\n<script type=\"application\/ld+json\" class=\"yoast-schema-graph\">{\"@context\":\"https:\/\/schema.org\",\"@graph\":[{\"@type\":\"WebPage\",\"@id\":\"https:\/\/glmdigitech.com\/erp-services\/\",\"url\":\"https:\/\/glmdigitech.com\/erp-services\/\",\"name\":\"ERP - Montreal Leading Web Design and ERP Solutions Provider\",\"isPartOf\":{\"@id\":\"https:\/\/glmdigitech.com\/#website\"},\"datePublished\":\"2023-12-09T01:51:01+00:00\",\"dateModified\":\"2024-01-19T19:36:35+00:00\",\"description\":\"ERP Implementation and Customization. Training and Support, Integration and Data Migration. We got it all, Give us a call.\",\"breadcrumb\":{\"@id\":\"https:\/\/glmdigitech.com\/erp-services\/#breadcrumb\"},\"inLanguage\":\"fr-CA\",\"potentialAction\":[{\"@type\":\"ReadAction\",\"target\":[\"https:\/\/glmdigitech.com\/erp-services\/\"]}]},{\"@type\":\"BreadcrumbList\",\"@id\":\"https:\/\/glmdigitech.com\/erp-services\/#breadcrumb\",\"itemListElement\":[{\"@type\":\"ListItem\",\"position\":1,\"name\":\"Home\",\"item\":\"https:\/\/glmdigitech.com\/\"},{\"@type\":\"ListItem\",\"position\":2,\"name\":\"ERP Services\"}]},{\"@type\":\"WebSite\",\"@id\":\"https:\/\/glmdigitech.com\/#website\",\"url\":\"https:\/\/glmdigitech.com\/\",\"name\":\"GLM DigiTech \u2013 Montreal Leading Web Design and ERP Solutions Provider\",\"description\":\"Montreal Leading Web Design and ERP Solutions Provider\",\"publisher\":{\"@id\":\"https:\/\/glmdigitech.com\/#organization\"},\"potentialAction\":[{\"@type\":\"SearchAction\",\"target\":{\"@type\":\"EntryPoint\",\"urlTemplate\":\"https:\/\/glmdigitech.com\/?s={search_term_string}\"},\"query-input\":{\"@type\":\"PropertyValueSpecification\",\"valueRequired\":true,\"valueName\":\"search_term_string\"}}],\"inLanguage\":\"fr-CA\"},{\"@type\":\"Organization\",\"@id\":\"https:\/\/glmdigitech.com\/#organization\",\"name\":\"GLM Digitech Inc.\",\"url\":\"https:\/\/glmdigitech.com\/\",\"logo\":{\"@type\":\"ImageObject\",\"inLanguage\":\"fr-CA\",\"@id\":\"https:\/\/glmdigitech.com\/#\/schema\/logo\/image\/\",\"url\":\"https:\/\/glmdigitech.com\/wp-content\/uploads\/2023\/12\/Logo-GLM-e1701905962224.png\",\"contentUrl\":\"https:\/\/glmdigitech.com\/wp-content\/uploads\/2023\/12\/Logo-GLM-e1701905962224.png\",\"width\":272,\"height\":126,\"caption\":\"GLM Digitech Inc.\"},\"image\":{\"@id\":\"https:\/\/glmdigitech.com\/#\/schema\/logo\/image\/\"},\"sameAs\":[\"https:\/\/www.facebook.com\/glmdigitech\",\"https:\/\/x.com\/glmdigitech\",\"https:\/\/www.youtube.com\/@GLMDigiTech\",\"https:\/\/www.instagram.com\/glmdigitech\/\"]}]}<\/script>\n<!-- \/ Yoast SEO Premium plugin. -->","yoast_head_json":{"title":"ERP - Montreal Leading Web Design and ERP Solutions Provider","description":"ERP Implementation and Customization. Training and Support, Integration and Data Migration. We got it all, Give us a call.","robots":{"index":"index","follow":"follow","max-snippet":"max-snippet:-1","max-image-preview":"max-image-preview:large","max-video-preview":"max-video-preview:-1"},"canonical":"https:\/\/glmdigitech.com\/fr\/services-erp\/","og_locale":"fr_CA","og_type":"article","og_title":"ERP Services","og_description":"ERP Implementation and Customization. Training and Support, Integration and Data Migration. We got it all, Give us a call.","og_url":"https:\/\/glmdigitech.com\/fr\/services-erp\/","og_site_name":"GLM Digitech","article_publisher":"https:\/\/www.facebook.com\/glmdigitech","article_modified_time":"2024-01-19T19:36:35+00:00","og_image":[{"width":272,"height":126,"url":"https:\/\/glmdigitech.com\/wp-content\/uploads\/2023\/12\/Logo-GLM-e1701905962224.png","type":"image\/png"}],"twitter_card":"summary_large_image","twitter_site":"@glmdigitech","twitter_misc":{"Estimation du temps de lecture":"2 minutes"},"schema":{"@context":"https:\/\/schema.org","@graph":[{"@type":"WebPage","@id":"https:\/\/glmdigitech.com\/erp-services\/","url":"https:\/\/glmdigitech.com\/erp-services\/","name":"ERP - Montreal Leading Web Design and ERP Solutions Provider","isPartOf":{"@id":"https:\/\/glmdigitech.com\/#website"},"datePublished":"2023-12-09T01:51:01+00:00","dateModified":"2024-01-19T19:36:35+00:00","description":"ERP Implementation and Customization. Training and Support, Integration and Data Migration. We got it all, Give us a call.","breadcrumb":{"@id":"https:\/\/glmdigitech.com\/erp-services\/#breadcrumb"},"inLanguage":"fr-CA","potentialAction":[{"@type":"ReadAction","target":["https:\/\/glmdigitech.com\/erp-services\/"]}]},{"@type":"BreadcrumbList","@id":"https:\/\/glmdigitech.com\/erp-services\/#breadcrumb","itemListElement":[{"@type":"ListItem","position":1,"name":"Home","item":"https:\/\/glmdigitech.com\/"},{"@type":"ListItem","position":2,"name":"ERP Services"}]},{"@type":"WebSite","@id":"https:\/\/glmdigitech.com\/#website","url":"https:\/\/glmdigitech.com\/","name":"GLM DigiTech \u2013 Montreal Leading Web Design and ERP Solutions Provider","description":"Montreal Leading Web Design and ERP Solutions Provider","publisher":{"@id":"https:\/\/glmdigitech.com\/#organization"},"potentialAction":[{"@type":"SearchAction","target":{"@type":"EntryPoint","urlTemplate":"https:\/\/glmdigitech.com\/?s={search_term_string}"},"query-input":{"@type":"PropertyValueSpecification","valueRequired":true,"valueName":"search_term_string"}}],"inLanguage":"fr-CA"},{"@type":"Organization","@id":"https:\/\/glmdigitech.com\/#organization","name":"GLM Digitech Inc.","url":"https:\/\/glmdigitech.com\/","logo":{"@type":"ImageObject","inLanguage":"fr-CA","@id":"https:\/\/glmdigitech.com\/#\/schema\/logo\/image\/","url":"https:\/\/glmdigitech.com\/wp-content\/uploads\/2023\/12\/Logo-GLM-e1701905962224.png","contentUrl":"https:\/\/glmdigitech.com\/wp-content\/uploads\/2023\/12\/Logo-GLM-e1701905962224.png","width":272,"height":126,"caption":"GLM Digitech Inc."},"image":{"@id":"https:\/\/glmdigitech.com\/#\/schema\/logo\/image\/"},"sameAs":["https:\/\/www.facebook.com\/glmdigitech","https:\/\/x.com\/glmdigitech","https:\/\/www.youtube.com\/@GLMDigiTech","https:\/\/www.instagram.com\/glmdigitech\/"]}]}},"_links":{"self":[{"href":"https:\/\/glmdigitech.com\/fr\/wp-json\/wp\/v2\/pages\/2112","targetHints":{"allow":["GET"]}}],"collection":[{"href":"https:\/\/glmdigitech.com\/fr\/wp-json\/wp\/v2\/pages"}],"about":[{"href":"https:\/\/glmdigitech.com\/fr\/wp-json\/wp\/v2\/types\/page"}],"author":[{"embeddable":true,"href":"https:\/\/glmdigitech.com\/fr\/wp-json\/wp\/v2\/users\/1"}],"replies":[{"embeddable":true,"href":"https:\/\/glmdigitech.com\/fr\/wp-json\/wp\/v2\/comments?post=2112"}],"version-history":[{"count":0,"href":"https:\/\/glmdigitech.com\/fr\/wp-json\/wp\/v2\/pages\/2112\/revisions"}],"wp:attachment":[{"href":"https:\/\/glmdigitech.com\/fr\/wp-json\/wp\/v2\/media?parent=2112"}],"curies":[{"name":"wp","href":"https:\/\/api.w.org\/{rel}","templated":true}]}}