{"id":3,"date":"2023-12-06T22:20:01","date_gmt":"2023-12-06T22:20:01","guid":{"rendered":"https:\/\/glmdigitech.com\/?page_id=3"},"modified":"2024-01-19T16:04:19","modified_gmt":"2024-01-19T21:04:19","slug":"privacy-policy","status":"publish","type":"page","link":"https:\/\/glmdigitech.com\/fr\/politique-de-confidentialite\/","title":{"rendered":"Privacy Policy"},"content":{"rendered":"<p><div class=\"fusion-fullwidth fullwidth-box fusion-builder-row-1 fusion-flex-container has-pattern-background has-mask-background nonhundred-percent-fullwidth non-hundred-percent-height-scrolling\" style=\"--awb-border-radius-top-left:0px;--awb-border-radius-top-right:0px;--awb-border-radius-bottom-right:0px;--awb-border-radius-bottom-left:0px;--awb-flex-wrap:wrap;\" ><div class=\"fusion-builder-row fusion-row fusion-flex-align-items-flex-start fusion-flex-content-wrap\" style=\"max-width:1310.4px;margin-left: calc(-4% \/ 2 );margin-right: calc(-4% \/ 2 );\"><div class=\"fusion-layout-column fusion_builder_column fusion-builder-column-0 fusion_builder_column_1_1 1_1 fusion-flex-column\" style=\"--awb-bg-size:cover;--awb-width-large:100%;--awb-margin-top-large:0px;--awb-spacing-right-large:1.92%;--awb-margin-bottom-large:20px;--awb-spacing-left-large:1.92%;--awb-width-medium:100%;--awb-order-medium:0;--awb-spacing-right-medium:1.92%;--awb-spacing-left-medium:1.92%;--awb-width-small:100%;--awb-order-small:0;--awb-spacing-right-small:1.92%;--awb-spacing-left-small:1.92%;\"><div class=\"fusion-column-wrapper fusion-column-has-shadow fusion-flex-justify-content-flex-start fusion-content-layout-column\"><div class=\"fusion-image-element\" style=\"--awb-aspect-ratio: 100 \/ 100;--awb-object-position:49% 99%;--awb-caption-title-font-family:var(--h2_typography-font-family);--awb-caption-title-font-weight:var(--h2_typography-font-weight);--awb-caption-title-font-style:var(--h2_typography-font-style);--awb-caption-title-size:var(--h2_typography-font-size);--awb-caption-title-transform:var(--h2_typography-text-transform);--awb-caption-title-line-height:var(--h2_typography-line-height);--awb-caption-title-letter-spacing:var(--h2_typography-letter-spacing);\"><span class=\"fusion-imageframe imageframe-none imageframe-1 hover-type-none has-aspect-ratio\"><img decoding=\"async\" width=\"512\" height=\"512\" alt=\"privacy\" title=\"privacy\" src=\"https:\/\/glmdigitech.com\/wp-content\/uploads\/2024\/01\/provacy.png\" data-orig-src=\"https:\/\/glmdigitech.com\/wp-content\/uploads\/2024\/01\/provacy.png\" class=\"lazyload img-responsive wp-image-2915 img-with-aspect-ratio\" srcset=\"data:image\/svg+xml,%3Csvg%20xmlns%3D%27http%3A%2F%2Fwww.w3.org%2F2000%2Fsvg%27%20width%3D%27512%27%20height%3D%27512%27%20viewBox%3D%270%200%20512%20512%27%3E%3Crect%20width%3D%27512%27%20height%3D%27512%27%20fill-opacity%3D%220%22%2F%3E%3C%2Fsvg%3E\" data-srcset=\"https:\/\/glmdigitech.com\/wp-content\/uploads\/2024\/01\/provacy-200x200.png 200w, https:\/\/glmdigitech.com\/wp-content\/uploads\/2024\/01\/provacy-400x400.png 400w, https:\/\/glmdigitech.com\/wp-content\/uploads\/2024\/01\/provacy.png 512w\" data-sizes=\"auto\" data-orig-sizes=\"(max-width: 640px) 100vw, 512px\" \/><\/span><\/div><\/div><\/div><\/div><\/div><div class=\"fusion-fullwidth fullwidth-box fusion-builder-row-2 fusion-flex-container nonhundred-percent-fullwidth non-hundred-percent-height-scrolling\" style=\"--awb-border-radius-top-left:0px;--awb-border-radius-top-right:0px;--awb-border-radius-bottom-right:0px;--awb-border-radius-bottom-left:0px;--awb-flex-wrap:wrap;\" ><div class=\"fusion-builder-row fusion-row fusion-flex-align-items-flex-start fusion-flex-content-wrap\" style=\"max-width:1310.4px;margin-left: calc(-4% \/ 2 );margin-right: calc(-4% \/ 2 );\"><div class=\"fusion-layout-column fusion_builder_column fusion-builder-column-1 fusion_builder_column_1_1 1_1 fusion-flex-column\" style=\"--awb-bg-blend:overlay;--awb-bg-size:cover;--awb-width-large:100%;--awb-margin-top-large:0px;--awb-spacing-right-large:1.92%;--awb-margin-bottom-large:0px;--awb-spacing-left-large:1.92%;--awb-width-medium:100%;--awb-spacing-right-medium:1.92%;--awb-spacing-left-medium:1.92%;--awb-width-small:100%;--awb-spacing-right-small:1.92%;--awb-spacing-left-small:1.92%;\"><div class=\"fusion-column-wrapper fusion-flex-justify-content-flex-start fusion-content-layout-column\"><div class=\"fusion-text fusion-text-1\"><\/p>\n<h2 class=\"fusion-responsive-typography-calculated wp-block-heading\" style=\"--fontsize: 32; line-height: 1.3;\" data-fontsize=\"32\" data-lineheight=\"41.6px\">Qui sommes nous<\/h2>\n<\/p>\n<p>L'adresse de notre site web est : <a href=\"https:\/\/glmdigitech.com\/fr\/\">https:\/\/glmdigitech.com<\/a>.<\/p>\n<\/p>\n<h2 class=\"fusion-responsive-typography-calculated wp-block-heading\" style=\"--fontsize: 32; line-height: 1.3;\" data-fontsize=\"32\" data-lineheight=\"41.6px\">Comments<\/h2>\n<\/p>\n<p>Lorsque les visiteurs laissent des commentaires sur le site, nous recueillons les donn\u00e9es affich\u00e9es dans le formulaire de commentaires, ainsi que l'adresse IP du visiteur et la cha\u00eene d'agent utilisateur du navigateur pour aider \u00e0 la d\u00e9tection des spams.<\/p>\n<\/p>\n<p>An anonymized string created from your email address (also called a hash) may be provided to the Gravatar service to see if you are using it. The Gravatar service privacy policy is available here: https:\/\/automattic.com\/privacy\/. After approval of your comment, your profile picture is visible to the public in the context of your comment.<\/p>\n<\/p>\n<h2 class=\"fusion-responsive-typography-calculated wp-block-heading\" style=\"--fontsize: 32; line-height: 1.3;\" data-fontsize=\"32\" data-lineheight=\"41.6px\">Media<\/h2>\n<\/p>\n<p>If you upload images to the website, you should avoid uploading images with embedded location data (EXIF GPS) included. Visitors to the website can download and extract any location data from images on the website. So for Privacy reason you could remove those metadata.<\/p>\n<\/p>\n<h2 class=\"fusion-responsive-typography-calculated wp-block-heading\" style=\"--fontsize: 32; line-height: 1.3;\" data-fontsize=\"32\" data-lineheight=\"41.6px\">Cookies<\/h2>\n<\/p>\n<p>Si vous laissez un commentaire sur notre site, vous pouvez choisir de sauvegarder votre nom, votre adresse e-mail et votre site web dans des cookies. Ces cookies sont l\u00e0 pour votre commodit\u00e9 afin que vous n'ayez pas \u00e0 remplir \u00e0 nouveau vos coordonn\u00e9es lorsque vous laissez un autre commentaire. Ces cookies dureront un an.<\/p>\n<\/p>\n<p>Si vous visitez notre page de connexion, nous d\u00e9finirons un cookie temporaire pour d\u00e9terminer si votre navigateur accepte les cookies. Ce cookie ne contient aucune donn\u00e9e personnelle et est supprim\u00e9 lorsque vous fermez votre navigateur.<\/p>\n<\/p>\n<p>Lorsque vous vous connectez, nous configurons \u00e9galement plusieurs cookies pour sauvegarder vos informations de connexion et vos choix d'affichage \u00e0 l'\u00e9cran. Les cookies de connexion durent deux jours et les cookies d'options d'\u00e9cran durent un an. Si vous s\u00e9lectionnez \"Se souvenir de moi\", votre connexion persistera pendant deux semaines. Si vous vous d\u00e9connectez de votre compte, les cookies de connexion seront supprim\u00e9s.<\/p>\n<\/p>\n<p>Si vous modifiez ou publiez un article, un cookie suppl\u00e9mentaire sera enregistr\u00e9 dans votre navigateur. Ce cookie ne contient aucune donn\u00e9e personnelle et indique simplement l'ID de l'article que vous venez de modifier. Il expire apr\u00e8s 1 jour.<\/p>\n<\/p>\n<h2 class=\"fusion-responsive-typography-calculated wp-block-heading\" style=\"--fontsize: 32; line-height: 1.3;\" data-fontsize=\"32\" data-lineheight=\"41.6px\">Contenu int\u00e9gr\u00e9 provenant d'autres sites web<\/h2>\n<\/p>\n<p>Les articles sur ce site peuvent inclure du contenu int\u00e9gr\u00e9 (par exemple des vid\u00e9os, des images, des articles, etc.). Le contenu int\u00e9gr\u00e9 depuis d'autres sites web se comporte de la m\u00eame mani\u00e8re que si le visiteur avait visit\u00e9 l'autre site web.<\/p>\n<\/p>\n<p>Ces sites web peuvent collecter des donn\u00e9es vous concernant, utiliser des cookies, int\u00e9grer un suivi tiers suppl\u00e9mentaire et surveiller votre interaction avec ce contenu int\u00e9gr\u00e9, y compris le suivi de votre interaction avec le contenu int\u00e9gr\u00e9 si vous avez un compte et \u00eates connect\u00e9 sur ce site web.<\/p>\n<\/p>\n<h2 class=\"fusion-responsive-typography-calculated wp-block-heading\" style=\"--fontsize: 32; line-height: 1.3;\" data-fontsize=\"32\" data-lineheight=\"41.6px\">\u00c0 qui nous partageons vos donn\u00e9es<\/h2>\n<\/p>\n<p>Si vous demandez une r\u00e9initialisation de mot de passe, votre adresse IP sera incluse dans l'e-mail de r\u00e9initialisation<\/p>\n<\/p>\n<h2 class=\"fusion-responsive-typography-calculated wp-block-heading\" style=\"--fontsize: 32; line-height: 1.3;\" data-fontsize=\"32\" data-lineheight=\"41.6px\">Combien de temps nous conservons vos donn\u00e9es<\/h2>\n<\/p>\n<p>Si vous laissez un commentaire, le commentaire et ses m\u00e9tadonn\u00e9es sont conserv\u00e9s ind\u00e9finiment. Cela nous permet de reconna\u00eetre et d'approuver automatiquement les commentaires de suivi au lieu de les maintenir dans une file de mod\u00e9ration.<\/p>\n<\/p>\n<p>Pour les utilisateurs qui s'inscrivent sur notre site web (s'il y en a), nous stockons \u00e9galement les informations personnelles qu'ils fournissent dans leur profil utilisateur. Tous les utilisateurs peuvent voir, modifier ou supprimer leurs informations personnelles \u00e0 tout moment (\u00e0 l'exception de la modification de leur nom d'utilisateur). Les administrateurs du site web peuvent \u00e9galement voir et modifier ces informations<\/p>\n<\/p>\n<h2 class=\"fusion-responsive-typography-calculated wp-block-heading\" style=\"--fontsize: 32; line-height: 1.3;\" data-fontsize=\"32\" data-lineheight=\"41.6px\">Quels droits vous avez sur vos donn\u00e9es<\/h2>\n<\/p>\n<p>Si vous avez un compte sur ce site ou si vous avez laiss\u00e9 des commentaires, vous pouvez demander \u00e0 recevoir un fichier export\u00e9 des donn\u00e9es personnelles que nous d\u00e9tenons \u00e0 votre sujet, y compris toutes les donn\u00e9es que vous nous avez fournies. Vous pouvez \u00e9galement demander que nous effacions toutes les donn\u00e9es personnelles que nous d\u00e9tenons \u00e0 votre sujet. Cela n'inclut pas les donn\u00e9es que nous sommes tenus de conserver \u00e0 des fins administratives, l\u00e9gales ou de s\u00e9curit\u00e9<\/p>\n<\/p>\n<h2 class=\"fusion-responsive-typography-calculated wp-block-heading\" style=\"--fontsize: 32; line-height: 1.3;\" data-fontsize=\"32\" data-lineheight=\"41.6px\">O\u00f9 vos donn\u00e9es sont envoy\u00e9es<\/h2>\n<\/p>\n<p>Les commentaires des visiteurs peuvent \u00eatre v\u00e9rifi\u00e9s via un service automatis\u00e9 de d\u00e9tection des spams.<\/p><\/p>\n<\/div><\/div><\/div><\/div><\/div><\/p>","protected":false},"excerpt":{"rendered":"","protected":false},"author":1,"featured_media":0,"parent":0,"menu_order":0,"comment_status":"closed","ping_status":"open","template":"","meta":{"footnotes":""},"class_list":["post-3","page","type-page","status-publish","hentry"],"yoast_head":"<!-- This site is optimized with the Yoast SEO Premium plugin v24.9 (Yoast SEO v24.9) - https:\/\/yoast.com\/wordpress\/plugins\/seo\/ -->\n<title>Privacy Montreal Leading Web Design and ERP Solutions Provider<\/title>\n<meta name=\"description\" content=\"Privacy and GLM DigiTech, our promise to you. it&#039;s our utmost priority to protect our clients data and privacy\" \/>\n<meta name=\"robots\" content=\"index, follow, max-snippet:-1, max-image-preview:large, max-video-preview:-1\" \/>\n<link rel=\"canonical\" href=\"https:\/\/glmdigitech.com\/fr\/politique-de-confidentialite\/\" \/>\n<meta property=\"og:locale\" content=\"fr_CA\" \/>\n<meta property=\"og:type\" content=\"article\" \/>\n<meta property=\"og:title\" content=\"Privacy Policy\" \/>\n<meta property=\"og:description\" content=\"Privacy and GLM DigiTech, our promise to you. it&#039;s our utmost priority to protect our clients data and privacy\" \/>\n<meta property=\"og:url\" content=\"https:\/\/glmdigitech.com\/fr\/politique-de-confidentialite\/\" \/>\n<meta property=\"og:site_name\" content=\"GLM Digitech\" \/>\n<meta property=\"article:publisher\" content=\"https:\/\/www.facebook.com\/glmdigitech\" \/>\n<meta property=\"article:modified_time\" content=\"2024-01-19T21:04:19+00:00\" \/>\n<meta property=\"og:image\" content=\"https:\/\/glmdigitech.com\/wp-content\/uploads\/2023\/12\/Logo-GLM-e1701905962224.png\" \/>\n\t<meta property=\"og:image:width\" content=\"272\" \/>\n\t<meta property=\"og:image:height\" content=\"126\" \/>\n\t<meta property=\"og:image:type\" content=\"image\/png\" \/>\n<meta name=\"twitter:card\" content=\"summary_large_image\" \/>\n<meta name=\"twitter:site\" content=\"@glmdigitech\" \/>\n<meta name=\"twitter:label1\" content=\"Estimation du temps de lecture\" \/>\n\t<meta name=\"twitter:data1\" content=\"3 minutes\" \/>\n<script type=\"application\/ld+json\" class=\"yoast-schema-graph\">{\"@context\":\"https:\/\/schema.org\",\"@graph\":[{\"@type\":\"WebPage\",\"@id\":\"https:\/\/glmdigitech.com\/privacy-policy\/\",\"url\":\"https:\/\/glmdigitech.com\/privacy-policy\/\",\"name\":\"Privacy Montreal Leading Web Design and ERP Solutions Provider\",\"isPartOf\":{\"@id\":\"https:\/\/glmdigitech.com\/#website\"},\"datePublished\":\"2023-12-06T22:20:01+00:00\",\"dateModified\":\"2024-01-19T21:04:19+00:00\",\"description\":\"Privacy and GLM DigiTech, our promise to you. it's our utmost priority to protect our clients data and privacy\",\"breadcrumb\":{\"@id\":\"https:\/\/glmdigitech.com\/privacy-policy\/#breadcrumb\"},\"inLanguage\":\"fr-CA\",\"potentialAction\":[{\"@type\":\"ReadAction\",\"target\":[\"https:\/\/glmdigitech.com\/privacy-policy\/\"]}]},{\"@type\":\"BreadcrumbList\",\"@id\":\"https:\/\/glmdigitech.com\/privacy-policy\/#breadcrumb\",\"itemListElement\":[{\"@type\":\"ListItem\",\"position\":1,\"name\":\"Home\",\"item\":\"https:\/\/glmdigitech.com\/\"},{\"@type\":\"ListItem\",\"position\":2,\"name\":\"Privacy Policy\"}]},{\"@type\":\"WebSite\",\"@id\":\"https:\/\/glmdigitech.com\/#website\",\"url\":\"https:\/\/glmdigitech.com\/\",\"name\":\"GLM DigiTech \u2013 Montreal Leading Web Design and ERP Solutions Provider\",\"description\":\"Montreal Leading Web Design and ERP Solutions Provider\",\"publisher\":{\"@id\":\"https:\/\/glmdigitech.com\/#organization\"},\"potentialAction\":[{\"@type\":\"SearchAction\",\"target\":{\"@type\":\"EntryPoint\",\"urlTemplate\":\"https:\/\/glmdigitech.com\/?s={search_term_string}\"},\"query-input\":{\"@type\":\"PropertyValueSpecification\",\"valueRequired\":true,\"valueName\":\"search_term_string\"}}],\"inLanguage\":\"fr-CA\"},{\"@type\":\"Organization\",\"@id\":\"https:\/\/glmdigitech.com\/#organization\",\"name\":\"GLM Digitech Inc.\",\"url\":\"https:\/\/glmdigitech.com\/\",\"logo\":{\"@type\":\"ImageObject\",\"inLanguage\":\"fr-CA\",\"@id\":\"https:\/\/glmdigitech.com\/#\/schema\/logo\/image\/\",\"url\":\"https:\/\/glmdigitech.com\/wp-content\/uploads\/2023\/12\/Logo-GLM-e1701905962224.png\",\"contentUrl\":\"https:\/\/glmdigitech.com\/wp-content\/uploads\/2023\/12\/Logo-GLM-e1701905962224.png\",\"width\":272,\"height\":126,\"caption\":\"GLM Digitech Inc.\"},\"image\":{\"@id\":\"https:\/\/glmdigitech.com\/#\/schema\/logo\/image\/\"},\"sameAs\":[\"https:\/\/www.facebook.com\/glmdigitech\",\"https:\/\/x.com\/glmdigitech\",\"https:\/\/www.youtube.com\/@GLMDigiTech\",\"https:\/\/www.instagram.com\/glmdigitech\/\"]}]}<\/script>\n<!-- \/ Yoast SEO Premium plugin. -->","yoast_head_json":{"title":"Privacy Montreal Leading Web Design and ERP Solutions Provider","description":"Privacy and GLM DigiTech, our promise to you. it's our utmost priority to protect our clients data and privacy","robots":{"index":"index","follow":"follow","max-snippet":"max-snippet:-1","max-image-preview":"max-image-preview:large","max-video-preview":"max-video-preview:-1"},"canonical":"https:\/\/glmdigitech.com\/fr\/politique-de-confidentialite\/","og_locale":"fr_CA","og_type":"article","og_title":"Privacy Policy","og_description":"Privacy and GLM DigiTech, our promise to you. it's our utmost priority to protect our clients data and privacy","og_url":"https:\/\/glmdigitech.com\/fr\/politique-de-confidentialite\/","og_site_name":"GLM Digitech","article_publisher":"https:\/\/www.facebook.com\/glmdigitech","article_modified_time":"2024-01-19T21:04:19+00:00","og_image":[{"width":272,"height":126,"url":"https:\/\/glmdigitech.com\/wp-content\/uploads\/2023\/12\/Logo-GLM-e1701905962224.png","type":"image\/png"}],"twitter_card":"summary_large_image","twitter_site":"@glmdigitech","twitter_misc":{"Estimation du temps de lecture":"3 minutes"},"schema":{"@context":"https:\/\/schema.org","@graph":[{"@type":"WebPage","@id":"https:\/\/glmdigitech.com\/privacy-policy\/","url":"https:\/\/glmdigitech.com\/privacy-policy\/","name":"Privacy Montreal Leading Web Design and ERP Solutions Provider","isPartOf":{"@id":"https:\/\/glmdigitech.com\/#website"},"datePublished":"2023-12-06T22:20:01+00:00","dateModified":"2024-01-19T21:04:19+00:00","description":"Privacy and GLM DigiTech, our promise to you. it's our utmost priority to protect our clients data and privacy","breadcrumb":{"@id":"https:\/\/glmdigitech.com\/privacy-policy\/#breadcrumb"},"inLanguage":"fr-CA","potentialAction":[{"@type":"ReadAction","target":["https:\/\/glmdigitech.com\/privacy-policy\/"]}]},{"@type":"BreadcrumbList","@id":"https:\/\/glmdigitech.com\/privacy-policy\/#breadcrumb","itemListElement":[{"@type":"ListItem","position":1,"name":"Home","item":"https:\/\/glmdigitech.com\/"},{"@type":"ListItem","position":2,"name":"Privacy Policy"}]},{"@type":"WebSite","@id":"https:\/\/glmdigitech.com\/#website","url":"https:\/\/glmdigitech.com\/","name":"GLM DigiTech \u2013 Montreal Leading Web Design and ERP Solutions Provider","description":"Montreal Leading Web Design and ERP Solutions Provider","publisher":{"@id":"https:\/\/glmdigitech.com\/#organization"},"potentialAction":[{"@type":"SearchAction","target":{"@type":"EntryPoint","urlTemplate":"https:\/\/glmdigitech.com\/?s={search_term_string}"},"query-input":{"@type":"PropertyValueSpecification","valueRequired":true,"valueName":"search_term_string"}}],"inLanguage":"fr-CA"},{"@type":"Organization","@id":"https:\/\/glmdigitech.com\/#organization","name":"GLM Digitech Inc.","url":"https:\/\/glmdigitech.com\/","logo":{"@type":"ImageObject","inLanguage":"fr-CA","@id":"https:\/\/glmdigitech.com\/#\/schema\/logo\/image\/","url":"https:\/\/glmdigitech.com\/wp-content\/uploads\/2023\/12\/Logo-GLM-e1701905962224.png","contentUrl":"https:\/\/glmdigitech.com\/wp-content\/uploads\/2023\/12\/Logo-GLM-e1701905962224.png","width":272,"height":126,"caption":"GLM Digitech Inc."},"image":{"@id":"https:\/\/glmdigitech.com\/#\/schema\/logo\/image\/"},"sameAs":["https:\/\/www.facebook.com\/glmdigitech","https:\/\/x.com\/glmdigitech","https:\/\/www.youtube.com\/@GLMDigiTech","https:\/\/www.instagram.com\/glmdigitech\/"]}]}},"_links":{"self":[{"href":"https:\/\/glmdigitech.com\/fr\/wp-json\/wp\/v2\/pages\/3","targetHints":{"allow":["GET"]}}],"collection":[{"href":"https:\/\/glmdigitech.com\/fr\/wp-json\/wp\/v2\/pages"}],"about":[{"href":"https:\/\/glmdigitech.com\/fr\/wp-json\/wp\/v2\/types\/page"}],"author":[{"embeddable":true,"href":"https:\/\/glmdigitech.com\/fr\/wp-json\/wp\/v2\/users\/1"}],"replies":[{"embeddable":true,"href":"https:\/\/glmdigitech.com\/fr\/wp-json\/wp\/v2\/comments?post=3"}],"version-history":[{"count":0,"href":"https:\/\/glmdigitech.com\/fr\/wp-json\/wp\/v2\/pages\/3\/revisions"}],"wp:attachment":[{"href":"https:\/\/glmdigitech.com\/fr\/wp-json\/wp\/v2\/media?parent=3"}],"curies":[{"name":"wp","href":"https:\/\/api.w.org\/{rel}","templated":true}]}}